{"id":141,"date":"2020-07-22T14:56:58","date_gmt":"2020-07-22T14:56:58","guid":{"rendered":"http:\/\/kvw-ostholstein.de\/home\/?page_id=141"},"modified":"2025-10-23T12:58:58","modified_gmt":"2025-10-23T12:58:58","slug":"schulen","status":"publish","type":"page","link":"https:\/\/kvw-ostholstein.de\/home\/schulen\/","title":{"rendered":"Schulen"},"content":{"rendered":"\t\t<div data-elementor-type=\"wp-page\" data-elementor-id=\"141\" class=\"elementor elementor-141\">\n\t\t\t\t\t\t<div class=\"elementor-inner\">\n\t\t\t\t<div class=\"elementor-section-wrap\">\n\t\t\t\t\t\t\t\t\t<section class=\"elementor-section elementor-top-section elementor-element elementor-element-72c4a00 elementor-section-boxed elementor-section-height-default elementor-section-height-default\" data-id=\"72c4a00\" data-element_type=\"section\">\n\t\t\t\t\t\t<div class=\"elementor-container elementor-column-gap-default\">\n\t\t\t\t\t\t\t<div class=\"elementor-row\">\n\t\t\t\t\t<div class=\"elementor-column elementor-col-100 elementor-top-column elementor-element elementor-element-8a7dcc1\" data-id=\"8a7dcc1\" data-element_type=\"column\">\n\t\t\t<div class=\"elementor-column-wrap\">\n\t\t\t\t\t\t\t<div class=\"elementor-widget-wrap\">\n\t\t\t\t\t\t\t\t<\/div>\n\t\t\t\t\t<\/div>\n\t\t<\/div>\n\t\t\t\t\t\t\t\t<\/div>\n\t\t\t\t\t<\/div>\n\t\t<\/section>\n\t\t\t\t<section class=\"elementor-section elementor-top-section elementor-element elementor-element-f94e1ed elementor-section-boxed elementor-section-height-default elementor-section-height-default\" data-id=\"f94e1ed\" data-element_type=\"section\">\n\t\t\t\t\t\t<div class=\"elementor-container elementor-column-gap-default\">\n\t\t\t\t\t\t\t<div class=\"elementor-row\">\n\t\t\t\t\t<div class=\"elementor-column elementor-col-100 elementor-top-column elementor-element elementor-element-c4d2d1e\" data-id=\"c4d2d1e\" data-element_type=\"column\">\n\t\t\t<div class=\"elementor-column-wrap\">\n\t\t\t\t\t\t\t<div class=\"elementor-widget-wrap\">\n\t\t\t\t\t\t\t\t<\/div>\n\t\t\t\t\t<\/div>\n\t\t<\/div>\n\t\t\t\t\t\t\t\t<\/div>\n\t\t\t\t\t<\/div>\n\t\t<\/section>\n\t\t\t\t<section class=\"elementor-section elementor-top-section elementor-element elementor-element-fedde80 elementor-section-boxed elementor-section-height-default elementor-section-height-default\" data-id=\"fedde80\" data-element_type=\"section\">\n\t\t\t\t\t\t<div class=\"elementor-container elementor-column-gap-default\">\n\t\t\t\t\t\t\t<div class=\"elementor-row\">\n\t\t\t\t\t<div class=\"elementor-column elementor-col-100 elementor-top-column elementor-element elementor-element-c681556\" data-id=\"c681556\" data-element_type=\"column\">\n\t\t\t<div class=\"elementor-column-wrap elementor-element-populated\">\n\t\t\t\t\t\t\t<div class=\"elementor-widget-wrap\">\n\t\t\t\t\t\t<div class=\"elementor-element elementor-element-8086257 elementor-widget elementor-widget-heading\" data-id=\"8086257\" data-element_type=\"widget\" data-widget_type=\"heading.default\">\n\t\t\t\t<div class=\"elementor-widget-container\">\n\t\t\t<h2 class=\"elementor-heading-title elementor-size-default\">F\u00fcr Schulen<\/h2>\t\t<\/div>\n\t\t\t\t<\/div>\n\t\t\t\t\t\t<\/div>\n\t\t\t\t\t<\/div>\n\t\t<\/div>\n\t\t\t\t\t\t\t\t<\/div>\n\t\t\t\t\t<\/div>\n\t\t<\/section>\n\t\t\t\t<section class=\"elementor-section elementor-top-section elementor-element elementor-element-53668c5 elementor-section-boxed elementor-section-height-default elementor-section-height-default\" data-id=\"53668c5\" data-element_type=\"section\">\n\t\t\t\t\t\t<div class=\"elementor-container elementor-column-gap-default\">\n\t\t\t\t\t\t\t<div class=\"elementor-row\">\n\t\t\t\t\t<div class=\"elementor-column elementor-col-33 elementor-top-column elementor-element elementor-element-d3d73e5\" data-id=\"d3d73e5\" data-element_type=\"column\">\n\t\t\t<div class=\"elementor-column-wrap elementor-element-populated\">\n\t\t\t\t\t\t\t<div class=\"elementor-widget-wrap\">\n\t\t\t\t\t\t<div class=\"elementor-element elementor-element-e5df15b elementor-widget elementor-widget-heading\" data-id=\"e5df15b\" data-element_type=\"widget\" data-widget_type=\"heading.default\">\n\t\t\t\t<div class=\"elementor-widget-container\">\n\t\t\t<h2 class=\"elementor-heading-title elementor-size-default\">Angebot f\u00fcr Grundschulen<\/h2>\t\t<\/div>\n\t\t\t\t<\/div>\n\t\t\t\t\t\t<\/div>\n\t\t\t\t\t<\/div>\n\t\t<\/div>\n\t\t\t\t<div class=\"elementor-column elementor-col-66 elementor-top-column elementor-element elementor-element-ad94445\" data-id=\"ad94445\" data-element_type=\"column\">\n\t\t\t<div class=\"elementor-column-wrap elementor-element-populated\">\n\t\t\t\t\t\t\t<div class=\"elementor-widget-wrap\">\n\t\t\t\t\t\t<div class=\"elementor-element elementor-element-3341002 elementor-widget elementor-widget-text-editor\" data-id=\"3341002\" data-element_type=\"widget\" data-widget_type=\"text-editor.default\">\n\t\t\t\t<div class=\"elementor-widget-container\">\n\t\t\t\t\t\t\t\t<div class=\"elementor-text-editor elementor-clearfix\">\n\t\t\t\t<p>Der Verkehrs\u00fcbungsplatz kann von den Schulen f\u00fcr ihren Unterricht im Bereich Verkehrserziehung genutzt werden. Motorisches Radfahren kann hier genauso ge\u00fcbt werden wie Regeln im Stra\u00dfenverkehr und deren Einhaltung.<\/p><p>LehrerInnen, die die Fortbildung \u201eNutzung des Verkehrs\u00fcbungsplatzes\u201c durchlaufen haben, k\u00f6nnen den Platz zur alleinigen Nutzung \u00fcber die Pr\u00e4ventionsbeamtin der Polizei PHK\u00b4in Heike Schmidt (per E-Mail: <a href=\"mailto:heike.schmidt@polizei.landsh.de\"><u>heike.schmidt@polizei.landsh.de<\/u><\/a> , per Telefon: <u>04524 7077595<\/u>) buchen. In diesem Fall wird der Platz mit den zu nutzenden R\u00e4umlichkeiten (Fahrradgaragen und WC) von einem Mitglied der Kreisverkehrswacht Ostholstein S\u00fcd aufgeschlossen und hinterher wieder verschlossen.<\/p><p>LehrerInnen, die diese Fortbildung noch nicht durchlaufen haben, k\u00f6nnen einen Termin f\u00fcr ihre Klasse mit ihrem zust\u00e4ndigen Pr\u00e4ventionsbeamten der Polizei buchen. Sprechen Sie diese gern an! Wir m\u00f6chten jedoch darauf hinweisen, dass deren Zeitkontingente vormittags im Fr\u00fchjahr und Herbst aufgrund der dann stattfindenden Radfahrpr\u00fcfungen sehr eng bemessen sind.<\/p><p>Daher gibt es das folgende Angebot: Je nach Bedarf findet einmal j\u00e4hrlich eine Fortbildungsveranstaltung zum Thema \u201eNutzung des Verkehrs\u00fcbungsplatzes\u201c auf dem Gel\u00e4nde der Kreisverkehrswacht Ostholstein S\u00fcd statt. Diese Fortbildung erm\u00f6glicht Ihnen, den Platz mit Ihrer Klasse selbst\u00e4ndig zu nutzen.<\/p>\t\t\t\t\t<\/div>\n\t\t\t\t\t\t<\/div>\n\t\t\t\t<\/div>\n\t\t\t\t\t\t<\/div>\n\t\t\t\t\t<\/div>\n\t\t<\/div>\n\t\t\t\t\t\t\t\t<\/div>\n\t\t\t\t\t<\/div>\n\t\t<\/section>\n\t\t\t\t<section class=\"elementor-section elementor-top-section elementor-element elementor-element-d4aa314 elementor-section-boxed elementor-section-height-default elementor-section-height-default\" data-id=\"d4aa314\" data-element_type=\"section\">\n\t\t\t\t\t\t<div class=\"elementor-container elementor-column-gap-default\">\n\t\t\t\t\t\t\t<div class=\"elementor-row\">\n\t\t\t\t\t<div class=\"elementor-column elementor-col-100 elementor-top-column elementor-element elementor-element-e42785d\" data-id=\"e42785d\" data-element_type=\"column\">\n\t\t\t<div class=\"elementor-column-wrap elementor-element-populated\">\n\t\t\t\t\t\t\t<div class=\"elementor-widget-wrap\">\n\t\t\t\t\t\t<div class=\"elementor-element elementor-element-24e4db8 elementor-widget elementor-widget-spacer\" data-id=\"24e4db8\" data-element_type=\"widget\" data-widget_type=\"spacer.default\">\n\t\t\t\t<div class=\"elementor-widget-container\">\n\t\t\t\t\t<div class=\"elementor-spacer\">\n\t\t\t<div class=\"elementor-spacer-inner\"><\/div>\n\t\t<\/div>\n\t\t\t\t<\/div>\n\t\t\t\t<\/div>\n\t\t\t\t\t\t<\/div>\n\t\t\t\t\t<\/div>\n\t\t<\/div>\n\t\t\t\t\t\t\t\t<\/div>\n\t\t\t\t\t<\/div>\n\t\t<\/section>\n\t\t\t\t<section class=\"elementor-section elementor-top-section elementor-element elementor-element-8d2da4c elementor-section-boxed elementor-section-height-default elementor-section-height-default\" data-id=\"8d2da4c\" data-element_type=\"section\">\n\t\t\t\t\t\t<div class=\"elementor-container elementor-column-gap-default\">\n\t\t\t\t\t\t\t<div class=\"elementor-row\">\n\t\t\t\t\t<div class=\"elementor-column elementor-col-20 elementor-top-column elementor-element elementor-element-efa1321\" data-id=\"efa1321\" data-element_type=\"column\">\n\t\t\t<div class=\"elementor-column-wrap elementor-element-populated\">\n\t\t\t\t\t\t\t<div class=\"elementor-widget-wrap\">\n\t\t\t\t\t\t<div class=\"elementor-element elementor-element-f208312 elementor-widget elementor-widget-text-editor\" data-id=\"f208312\" data-element_type=\"widget\" data-widget_type=\"text-editor.default\">\n\t\t\t\t<div class=\"elementor-widget-container\">\n\t\t\t\t\t\t\t\t<div class=\"elementor-text-editor elementor-clearfix\">\n\t\t\t\t<p>Copyright 2022 &#8211; Kreisverkehrswacht Ostholstein S\u00fcd e.V.<\/p>\t\t\t\t\t<\/div>\n\t\t\t\t\t\t<\/div>\n\t\t\t\t<\/div>\n\t\t\t\t\t\t<\/div>\n\t\t\t\t\t<\/div>\n\t\t<\/div>\n\t\t\t\t<div class=\"elementor-column elementor-col-20 elementor-top-column elementor-element elementor-element-3774f65\" data-id=\"3774f65\" data-element_type=\"column\">\n\t\t\t<div class=\"elementor-column-wrap elementor-element-populated\">\n\t\t\t\t\t\t\t<div class=\"elementor-widget-wrap\">\n\t\t\t\t\t\t<div class=\"elementor-element elementor-element-25b467c elementor-widget elementor-widget-heading\" data-id=\"25b467c\" data-element_type=\"widget\" data-widget_type=\"heading.default\">\n\t\t\t\t<div class=\"elementor-widget-container\">\n\t\t\t<h2 class=\"elementor-heading-title elementor-size-default\"><a href=\"https:\/\/www.kvw-ostholstein.de\/angebote\">zur\u00fcck<\/a><\/h2>\t\t<\/div>\n\t\t\t\t<\/div>\n\t\t\t\t\t\t<\/div>\n\t\t\t\t\t<\/div>\n\t\t<\/div>\n\t\t\t\t<div class=\"elementor-column elementor-col-20 elementor-top-column elementor-element elementor-element-73cb92c\" data-id=\"73cb92c\" data-element_type=\"column\">\n\t\t\t<div class=\"elementor-column-wrap elementor-element-populated\">\n\t\t\t\t\t\t\t<div class=\"elementor-widget-wrap\">\n\t\t\t\t\t\t<div class=\"elementor-element elementor-element-6587ec6 elementor-widget elementor-widget-heading\" data-id=\"6587ec6\" data-element_type=\"widget\" data-widget_type=\"heading.default\">\n\t\t\t\t<div class=\"elementor-widget-container\">\n\t\t\t<h5 class=\"elementor-heading-title elementor-size-default\"><a href=\"https:\/\/kvw-ostholstein.de\/home\/datenschutz\">Datenschutz<\/a><\/h5>\t\t<\/div>\n\t\t\t\t<\/div>\n\t\t\t\t\t\t<\/div>\n\t\t\t\t\t<\/div>\n\t\t<\/div>\n\t\t\t\t<div class=\"elementor-column elementor-col-20 elementor-top-column elementor-element elementor-element-76fe96c\" data-id=\"76fe96c\" data-element_type=\"column\">\n\t\t\t<div class=\"elementor-column-wrap elementor-element-populated\">\n\t\t\t\t\t\t\t<div class=\"elementor-widget-wrap\">\n\t\t\t\t\t\t<div class=\"elementor-element elementor-element-808f312 elementor-widget elementor-widget-heading\" data-id=\"808f312\" data-element_type=\"widget\" data-widget_type=\"heading.default\">\n\t\t\t\t<div class=\"elementor-widget-container\">\n\t\t\t<h5 class=\"elementor-heading-title elementor-size-default\"><a href=\"https:\/\/kvw-ostholstein.de\/home\/haftungsausschluss\">Haftungsausschluss<\/a><\/h5>\t\t<\/div>\n\t\t\t\t<\/div>\n\t\t\t\t\t\t<\/div>\n\t\t\t\t\t<\/div>\n\t\t<\/div>\n\t\t\t\t<div class=\"elementor-column elementor-col-20 elementor-top-column elementor-element elementor-element-ee60a43\" data-id=\"ee60a43\" data-element_type=\"column\">\n\t\t\t<div class=\"elementor-column-wrap elementor-element-populated\">\n\t\t\t\t\t\t\t<div class=\"elementor-widget-wrap\">\n\t\t\t\t\t\t<div class=\"elementor-element elementor-element-07cc9ad elementor-widget elementor-widget-heading\" data-id=\"07cc9ad\" data-element_type=\"widget\" data-widget_type=\"heading.default\">\n\t\t\t\t<div class=\"elementor-widget-container\">\n\t\t\t<h2 class=\"elementor-heading-title elementor-size-default\"><a href=\"https:\/\/kvw-ostholstein.de\/home\/impressum\">Impressum<\/a><\/h2>\t\t<\/div>\n\t\t\t\t<\/div>\n\t\t\t\t\t\t<\/div>\n\t\t\t\t\t<\/div>\n\t\t<\/div>\n\t\t\t\t\t\t\t\t<\/div>\n\t\t\t\t\t<\/div>\n\t\t<\/section>\n\t\t\t\t\t\t\t\t\t<\/div>\n\t\t\t<\/div>\n\t\t\t\t\t<\/div>\n\t\t","protected":false},"excerpt":{"rendered":"<p>F\u00fcr Schulen Angebot f\u00fcr Grundschulen Der Verkehrs\u00fcbungsplatz kann von den Schulen f\u00fcr ihren Unterricht im Bereich Verkehrserziehung genutzt werden. Motorisches Radfahren kann hier genauso ge\u00fcbt werden wie Regeln im Stra\u00dfenverkehr und deren Einhaltung. LehrerInnen, die die Fortbildung \u201eNutzung des Verkehrs\u00fcbungsplatzes\u201c durchlaufen haben, k\u00f6nnen den Platz zur alleinigen Nutzung \u00fcber die Pr\u00e4ventionsbeamtin der Polizei PHK\u00b4in Heike [&hellip;]<\/p>\n","protected":false},"author":1,"featured_media":0,"parent":0,"menu_order":0,"comment_status":"closed","ping_status":"closed","template":"elementor_canvas","meta":{"footnotes":""},"class_list":["post-141","page","type-page","status-publish","hentry","entry"],"yoast_head":"<!-- This site is optimized with the Yoast SEO plugin v18.4.1 - https:\/\/yoast.com\/wordpress\/plugins\/seo\/ -->\n<title>Schulen - Kreisverkehrswacht Ostholstein S\u00fcd e.V.<\/title>\n<meta name=\"robots\" content=\"index, follow, max-snippet:-1, max-image-preview:large, max-video-preview:-1\" \/>\n<link rel=\"canonical\" href=\"https:\/\/kvw-ostholstein.de\/home\/schulen\/\" \/>\n<meta property=\"og:locale\" content=\"de_DE\" \/>\n<meta property=\"og:type\" content=\"article\" \/>\n<meta property=\"og:title\" content=\"Schulen - Kreisverkehrswacht Ostholstein S\u00fcd e.V.\" \/>\n<meta property=\"og:description\" content=\"F\u00fcr Schulen Angebot f\u00fcr Grundschulen Der Verkehrs\u00fcbungsplatz kann von den Schulen f\u00fcr ihren Unterricht im Bereich Verkehrserziehung genutzt werden. Motorisches Radfahren kann hier genauso ge\u00fcbt werden wie Regeln im Stra\u00dfenverkehr und deren Einhaltung. LehrerInnen, die die Fortbildung \u201eNutzung des Verkehrs\u00fcbungsplatzes\u201c durchlaufen haben, k\u00f6nnen den Platz zur alleinigen Nutzung \u00fcber die Pr\u00e4ventionsbeamtin der Polizei PHK\u00b4in Heike [&hellip;]\" \/>\n<meta property=\"og:url\" content=\"https:\/\/kvw-ostholstein.de\/home\/schulen\/\" \/>\n<meta property=\"og:site_name\" content=\"Kreisverkehrswacht Ostholstein S\u00fcd e.V.\" \/>\n<meta property=\"article:modified_time\" content=\"2025-10-23T12:58:58+00:00\" \/>\n<meta name=\"twitter:card\" content=\"summary_large_image\" \/>\n<meta name=\"twitter:label1\" content=\"Gesch\u00e4tzte Lesezeit\" \/>\n\t<meta name=\"twitter:data1\" content=\"2\u00a0Minuten\" \/>\n<script type=\"application\/ld+json\" class=\"yoast-schema-graph\">{\"@context\":\"https:\/\/schema.org\",\"@graph\":[{\"@type\":\"WebSite\",\"@id\":\"https:\/\/kvw-ostholstein.de\/home\/#website\",\"url\":\"https:\/\/kvw-ostholstein.de\/home\/\",\"name\":\"Kreisverkehrswacht Ostholstein S\u00fcd e.V.\",\"description\":\"Verkehrssicherheitsarbeit\",\"potentialAction\":[{\"@type\":\"SearchAction\",\"target\":{\"@type\":\"EntryPoint\",\"urlTemplate\":\"https:\/\/kvw-ostholstein.de\/home\/?s={search_term_string}\"},\"query-input\":\"required name=search_term_string\"}],\"inLanguage\":\"de\"},{\"@type\":\"WebPage\",\"@id\":\"https:\/\/kvw-ostholstein.de\/home\/schulen\/#webpage\",\"url\":\"https:\/\/kvw-ostholstein.de\/home\/schulen\/\",\"name\":\"Schulen - Kreisverkehrswacht Ostholstein S\u00fcd e.V.\",\"isPartOf\":{\"@id\":\"https:\/\/kvw-ostholstein.de\/home\/#website\"},\"datePublished\":\"2020-07-22T14:56:58+00:00\",\"dateModified\":\"2025-10-23T12:58:58+00:00\",\"breadcrumb\":{\"@id\":\"https:\/\/kvw-ostholstein.de\/home\/schulen\/#breadcrumb\"},\"inLanguage\":\"de\",\"potentialAction\":[{\"@type\":\"ReadAction\",\"target\":[\"https:\/\/kvw-ostholstein.de\/home\/schulen\/\"]}]},{\"@type\":\"BreadcrumbList\",\"@id\":\"https:\/\/kvw-ostholstein.de\/home\/schulen\/#breadcrumb\",\"itemListElement\":[{\"@type\":\"ListItem\",\"position\":1,\"name\":\"Startseite\",\"item\":\"https:\/\/kvw-ostholstein.de\/home\/\"},{\"@type\":\"ListItem\",\"position\":2,\"name\":\"Schulen\"}]}]}<\/script>\n<!-- \/ Yoast SEO plugin. -->","yoast_head_json":{"title":"Schulen - Kreisverkehrswacht Ostholstein S\u00fcd e.V.","robots":{"index":"index","follow":"follow","max-snippet":"max-snippet:-1","max-image-preview":"max-image-preview:large","max-video-preview":"max-video-preview:-1"},"canonical":"https:\/\/kvw-ostholstein.de\/home\/schulen\/","og_locale":"de_DE","og_type":"article","og_title":"Schulen - Kreisverkehrswacht Ostholstein S\u00fcd e.V.","og_description":"F\u00fcr Schulen Angebot f\u00fcr Grundschulen Der Verkehrs\u00fcbungsplatz kann von den Schulen f\u00fcr ihren Unterricht im Bereich Verkehrserziehung genutzt werden. Motorisches Radfahren kann hier genauso ge\u00fcbt werden wie Regeln im Stra\u00dfenverkehr und deren Einhaltung. LehrerInnen, die die Fortbildung \u201eNutzung des Verkehrs\u00fcbungsplatzes\u201c durchlaufen haben, k\u00f6nnen den Platz zur alleinigen Nutzung \u00fcber die Pr\u00e4ventionsbeamtin der Polizei PHK\u00b4in Heike [&hellip;]","og_url":"https:\/\/kvw-ostholstein.de\/home\/schulen\/","og_site_name":"Kreisverkehrswacht Ostholstein S\u00fcd e.V.","article_modified_time":"2025-10-23T12:58:58+00:00","twitter_card":"summary_large_image","twitter_misc":{"Gesch\u00e4tzte Lesezeit":"2\u00a0Minuten"},"schema":{"@context":"https:\/\/schema.org","@graph":[{"@type":"WebSite","@id":"https:\/\/kvw-ostholstein.de\/home\/#website","url":"https:\/\/kvw-ostholstein.de\/home\/","name":"Kreisverkehrswacht Ostholstein S\u00fcd e.V.","description":"Verkehrssicherheitsarbeit","potentialAction":[{"@type":"SearchAction","target":{"@type":"EntryPoint","urlTemplate":"https:\/\/kvw-ostholstein.de\/home\/?s={search_term_string}"},"query-input":"required name=search_term_string"}],"inLanguage":"de"},{"@type":"WebPage","@id":"https:\/\/kvw-ostholstein.de\/home\/schulen\/#webpage","url":"https:\/\/kvw-ostholstein.de\/home\/schulen\/","name":"Schulen - Kreisverkehrswacht Ostholstein S\u00fcd e.V.","isPartOf":{"@id":"https:\/\/kvw-ostholstein.de\/home\/#website"},"datePublished":"2020-07-22T14:56:58+00:00","dateModified":"2025-10-23T12:58:58+00:00","breadcrumb":{"@id":"https:\/\/kvw-ostholstein.de\/home\/schulen\/#breadcrumb"},"inLanguage":"de","potentialAction":[{"@type":"ReadAction","target":["https:\/\/kvw-ostholstein.de\/home\/schulen\/"]}]},{"@type":"BreadcrumbList","@id":"https:\/\/kvw-ostholstein.de\/home\/schulen\/#breadcrumb","itemListElement":[{"@type":"ListItem","position":1,"name":"Startseite","item":"https:\/\/kvw-ostholstein.de\/home\/"},{"@type":"ListItem","position":2,"name":"Schulen"}]}]}},"_links":{"self":[{"href":"https:\/\/kvw-ostholstein.de\/home\/wp-json\/wp\/v2\/pages\/141","targetHints":{"allow":["GET"]}}],"collection":[{"href":"https:\/\/kvw-ostholstein.de\/home\/wp-json\/wp\/v2\/pages"}],"about":[{"href":"https:\/\/kvw-ostholstein.de\/home\/wp-json\/wp\/v2\/types\/page"}],"author":[{"embeddable":true,"href":"https:\/\/kvw-ostholstein.de\/home\/wp-json\/wp\/v2\/users\/1"}],"replies":[{"embeddable":true,"href":"https:\/\/kvw-ostholstein.de\/home\/wp-json\/wp\/v2\/comments?post=141"}],"version-history":[{"count":24,"href":"https:\/\/kvw-ostholstein.de\/home\/wp-json\/wp\/v2\/pages\/141\/revisions"}],"predecessor-version":[{"id":1334,"href":"https:\/\/kvw-ostholstein.de\/home\/wp-json\/wp\/v2\/pages\/141\/revisions\/1334"}],"wp:attachment":[{"href":"https:\/\/kvw-ostholstein.de\/home\/wp-json\/wp\/v2\/media?parent=141"}],"curies":[{"name":"wp","href":"https:\/\/api.w.org\/{rel}","templated":true}]}}